{"id":2725,"date":"2017-03-08T14:37:46","date_gmt":"2017-03-08T13:37:46","guid":{"rendered":"http:\/\/junker.augustinerkloster.de\/en\/leitbild\/"},"modified":"2017-12-15T15:26:38","modified_gmt":"2017-12-15T14:26:38","slug":"policy","status":"publish","type":"page","link":"https:\/\/junker-joerg.net\/en\/policy\/","title":{"rendered":"Policy"},"content":{"rendered":"<h1>Policy | Youth Education Center Junker J\u00f6rg<\/h1>\n<h2>Policy of the Youth Education Center Junker J\u00f6rg<\/h2>\n<p>The Youth Education Center Junker J\u00f6rg is a house where children, adolescents and young adults can find peace and feel good. All human beings are equal before God and can exchange views. We are orientated towards the wishes and needs of our young guests and cater to them. Our educational work helps adolescents and young adults to grow into independent and responsible human beings in a democratic community. Our kitchen staff\u00a0provides healthy and regional dishes. Each employee is an expert of their own field and each resource is handled with great responsibility.<\/p>\n<p>If you want to know more about our policy, feel free to <a title=\"Contact Form\" href=\"https:\/\/www.junker-joerg.net\/en\/contact\/\">contact<\/a>\u00a0us.<\/p>\n","protected":false},"excerpt":{"rendered":"<p>The Youth Education Center Junker J\u00f6rg is a house where children, adolescents and young adults can find peace and feel good. All human beings are equal before God and can exchange views. We are orientated towards the wishes and needs of our young guests and cater to them. Our educational work helps adolescents and young [&#8230;]<\/p>\n","protected":false},"author":24783,"featured_media":0,"parent":0,"menu_order":0,"comment_status":"closed","ping_status":"closed","template":"","meta":{"_acf_changed":false,"footnotes":""},"class_list":["post-2725","page","type-page","status-publish","hentry"],"acf":[],"yoast_head":"<!-- This site is optimized with the Yoast SEO plugin v27.3 - https:\/\/yoast.com\/product\/yoast-seo-wordpress\/ -->\n<title>Policy of the Youth Education Center Junker J\u00f6rg<\/title>\n<meta name=\"description\" content=\"You are interested in the policy of the Protestant Youth Education Center Junker J\u00f6rg? Here you can find out more about it. More information here!\" \/>\n<meta name=\"robots\" content=\"index, follow, max-snippet:-1, max-image-preview:large, max-video-preview:-1\" \/>\n<link rel=\"canonical\" href=\"https:\/\/junker-joerg.net\/en\/policy\/\" \/>\n<meta property=\"og:locale\" content=\"en_US\" \/>\n<meta property=\"og:type\" content=\"article\" \/>\n<meta property=\"og:title\" content=\"Policy of the Youth Education Center Junker J\u00f6rg\" \/>\n<meta property=\"og:description\" content=\"You are interested in the policy of the Protestant Youth Education Center Junker J\u00f6rg? Here you can find out more about it. More information here!\" \/>\n<meta property=\"og:url\" content=\"https:\/\/junker-joerg.net\/en\/policy\/\" \/>\n<meta property=\"og:site_name\" content=\"Jugendbildungsst\u00e4tte Junker J\u00f6rg\" \/>\n<meta property=\"article:modified_time\" content=\"2017-12-15T14:26:38+00:00\" \/>\n<meta name=\"twitter:card\" content=\"summary_large_image\" \/>\n<meta name=\"twitter:label1\" content=\"Est. reading time\" \/>\n\t<meta name=\"twitter:data1\" content=\"1 minute\" \/>\n<script type=\"application\/ld+json\" class=\"yoast-schema-graph\">{\"@context\":\"https:\\\/\\\/schema.org\",\"@graph\":[{\"@type\":\"WebPage\",\"@id\":\"https:\\\/\\\/junker-joerg.net\\\/en\\\/policy\\\/\",\"url\":\"https:\\\/\\\/junker-joerg.net\\\/en\\\/policy\\\/\",\"name\":\"Policy of the Youth Education Center Junker J\u00f6rg\",\"isPartOf\":{\"@id\":\"https:\\\/\\\/junker-joerg.net\\\/en\\\/#website\"},\"datePublished\":\"2017-03-08T13:37:46+00:00\",\"dateModified\":\"2017-12-15T14:26:38+00:00\",\"description\":\"You are interested in the policy of the Protestant Youth Education Center Junker J\u00f6rg? Here you can find out more about it. More information here!\",\"breadcrumb\":{\"@id\":\"https:\\\/\\\/junker-joerg.net\\\/en\\\/policy\\\/#breadcrumb\"},\"inLanguage\":\"en-US\",\"potentialAction\":[{\"@type\":\"ReadAction\",\"target\":[\"https:\\\/\\\/junker-joerg.net\\\/en\\\/policy\\\/\"]}]},{\"@type\":\"BreadcrumbList\",\"@id\":\"https:\\\/\\\/junker-joerg.net\\\/en\\\/policy\\\/#breadcrumb\",\"itemListElement\":[{\"@type\":\"ListItem\",\"position\":1,\"name\":\"Startseite\",\"item\":\"https:\\\/\\\/junker-joerg.net\\\/en\\\/\"},{\"@type\":\"ListItem\",\"position\":2,\"name\":\"Policy\"}]},{\"@type\":\"WebSite\",\"@id\":\"https:\\\/\\\/junker-joerg.net\\\/en\\\/#website\",\"url\":\"https:\\\/\\\/junker-joerg.net\\\/en\\\/\",\"name\":\"Jugendbildungsst\u00e4tte Junker J\u00f6rg\",\"description\":\"Jugendherberge &amp; Begegnungsst\u00e4tte in Eisenach\",\"potentialAction\":[{\"@type\":\"SearchAction\",\"target\":{\"@type\":\"EntryPoint\",\"urlTemplate\":\"https:\\\/\\\/junker-joerg.net\\\/en\\\/?s={search_term_string}\"},\"query-input\":{\"@type\":\"PropertyValueSpecification\",\"valueRequired\":true,\"valueName\":\"search_term_string\"}}],\"inLanguage\":\"en-US\"}]}<\/script>\n<!-- \/ Yoast SEO plugin. -->","yoast_head_json":{"title":"Policy of the Youth Education Center Junker J\u00f6rg","description":"You are interested in the policy of the Protestant Youth Education Center Junker J\u00f6rg? Here you can find out more about it. More information here!","robots":{"index":"index","follow":"follow","max-snippet":"max-snippet:-1","max-image-preview":"max-image-preview:large","max-video-preview":"max-video-preview:-1"},"canonical":"https:\/\/junker-joerg.net\/en\/policy\/","og_locale":"en_US","og_type":"article","og_title":"Policy of the Youth Education Center Junker J\u00f6rg","og_description":"You are interested in the policy of the Protestant Youth Education Center Junker J\u00f6rg? Here you can find out more about it. More information here!","og_url":"https:\/\/junker-joerg.net\/en\/policy\/","og_site_name":"Jugendbildungsst\u00e4tte Junker J\u00f6rg","article_modified_time":"2017-12-15T14:26:38+00:00","twitter_card":"summary_large_image","twitter_misc":{"Est. reading time":"1 minute"},"schema":{"@context":"https:\/\/schema.org","@graph":[{"@type":"WebPage","@id":"https:\/\/junker-joerg.net\/en\/policy\/","url":"https:\/\/junker-joerg.net\/en\/policy\/","name":"Policy of the Youth Education Center Junker J\u00f6rg","isPartOf":{"@id":"https:\/\/junker-joerg.net\/en\/#website"},"datePublished":"2017-03-08T13:37:46+00:00","dateModified":"2017-12-15T14:26:38+00:00","description":"You are interested in the policy of the Protestant Youth Education Center Junker J\u00f6rg? Here you can find out more about it. More information here!","breadcrumb":{"@id":"https:\/\/junker-joerg.net\/en\/policy\/#breadcrumb"},"inLanguage":"en-US","potentialAction":[{"@type":"ReadAction","target":["https:\/\/junker-joerg.net\/en\/policy\/"]}]},{"@type":"BreadcrumbList","@id":"https:\/\/junker-joerg.net\/en\/policy\/#breadcrumb","itemListElement":[{"@type":"ListItem","position":1,"name":"Startseite","item":"https:\/\/junker-joerg.net\/en\/"},{"@type":"ListItem","position":2,"name":"Policy"}]},{"@type":"WebSite","@id":"https:\/\/junker-joerg.net\/en\/#website","url":"https:\/\/junker-joerg.net\/en\/","name":"Jugendbildungsst\u00e4tte Junker J\u00f6rg","description":"Jugendherberge &amp; Begegnungsst\u00e4tte in Eisenach","potentialAction":[{"@type":"SearchAction","target":{"@type":"EntryPoint","urlTemplate":"https:\/\/junker-joerg.net\/en\/?s={search_term_string}"},"query-input":{"@type":"PropertyValueSpecification","valueRequired":true,"valueName":"search_term_string"}}],"inLanguage":"en-US"}]}},"_links":{"self":[{"href":"https:\/\/junker-joerg.net\/en\/wp-json\/wp\/v2\/pages\/2725","targetHints":{"allow":["GET"]}}],"collection":[{"href":"https:\/\/junker-joerg.net\/en\/wp-json\/wp\/v2\/pages"}],"about":[{"href":"https:\/\/junker-joerg.net\/en\/wp-json\/wp\/v2\/types\/page"}],"author":[{"embeddable":true,"href":"https:\/\/junker-joerg.net\/en\/wp-json\/wp\/v2\/users\/24783"}],"replies":[{"embeddable":true,"href":"https:\/\/junker-joerg.net\/en\/wp-json\/wp\/v2\/comments?post=2725"}],"version-history":[{"count":2,"href":"https:\/\/junker-joerg.net\/en\/wp-json\/wp\/v2\/pages\/2725\/revisions"}],"predecessor-version":[{"id":2727,"href":"https:\/\/junker-joerg.net\/en\/wp-json\/wp\/v2\/pages\/2725\/revisions\/2727"}],"wp:attachment":[{"href":"https:\/\/junker-joerg.net\/en\/wp-json\/wp\/v2\/media?parent=2725"}],"curies":[{"name":"wp","href":"https:\/\/api.w.org\/{rel}","templated":true}]}}