{"id":2721,"date":"2017-03-08T14:38:48","date_gmt":"2017-03-08T13:38:48","guid":{"rendered":"http:\/\/junker.augustinerkloster.de\/en\/geschichte\/"},"modified":"2017-12-15T15:22:02","modified_gmt":"2017-12-15T14:22:02","slug":"history","status":"publish","type":"page","link":"https:\/\/junker-joerg.net\/en\/history\/","title":{"rendered":"Geschichte"},"content":{"rendered":"<h1>History | Youth Education Center Junker J\u00f6rg<\/h1>\n<h2>History of the Youth Education Center Junker J\u00f6rg<\/h2>\n\n<table id=\"tablepress-36\" class=\"tablepress tablepress-id-36\">\n<tbody class=\"row-striping row-hover\">\n<tr class=\"row-1\">\n\t<td class=\"column-1\">1880<\/td><td class=\"column-2\">Construction of the Hotel and Restaurant \u201cJunker J\u00f6rg\u201d<\/td>\n<\/tr>\n<tr class=\"row-2\">\n\t<td class=\"column-1\">1920<\/td><td class=\"column-2\">Set-up of the central of the Movement of New Territory (\u201cNeulandbewegung\u201d), Renaming the building to \u201cHouse of New Territory\u201d (\u201cNeulandhaus\u201d)<\/td>\n<\/tr>\n<tr class=\"row-3\">\n\t<td class=\"column-1\">1945<\/td><td class=\"column-2\">Purchase of the building by the Evangelical-Lutheran Church in Thuringia<\/td>\n<\/tr>\n<tr class=\"row-4\">\n\t<td class=\"column-1\">1980er<\/td><td class=\"column-2\">Set-up of the Youth Education Center<\/td>\n<\/tr>\n<tr class=\"row-5\">\n\t<td class=\"column-1\">2016<\/td><td class=\"column-2\">Renaming the building to \u201cYouth Education Center Junker J\u00f6rg\u201d (\u201eJugendbildungsst\u00e4tte Junker J\u00f6rg\u201d)<\/td>\n<\/tr>\n<\/tbody>\n<\/table>\n<!-- #tablepress-36 from cache -->\n<p>&nbsp;<\/p>\n","protected":false},"excerpt":{"rendered":"<p>&nbsp;<\/p>\n","protected":false},"author":24783,"featured_media":0,"parent":0,"menu_order":0,"comment_status":"closed","ping_status":"closed","template":"","meta":{"_acf_changed":false,"footnotes":""},"class_list":["post-2721","page","type-page","status-publish","hentry"],"acf":[],"yoast_head":"<!-- This site is optimized with the Yoast SEO plugin v27.6 - https:\/\/yoast.com\/product\/yoast-seo-wordpress\/ -->\n<title>History of the Youth Education Center Junker J\u00f6rg (Eisenach)<\/title>\n<meta name=\"description\" content=\"You want to know more about the history of the Protestant Youth Education Center Junker J\u00f6rg in Eisenach? Here you will find information about the topic.\" \/>\n<meta name=\"robots\" content=\"index, follow, max-snippet:-1, max-image-preview:large, max-video-preview:-1\" \/>\n<link rel=\"canonical\" href=\"https:\/\/junker-joerg.net\/en\/history\/\" \/>\n<meta property=\"og:locale\" content=\"en_US\" \/>\n<meta property=\"og:type\" content=\"article\" \/>\n<meta property=\"og:title\" content=\"History of the Youth Education Center Junker J\u00f6rg (Eisenach)\" \/>\n<meta property=\"og:description\" content=\"You want to know more about the history of the Protestant Youth Education Center Junker J\u00f6rg in Eisenach? Here you will find information about the topic.\" \/>\n<meta property=\"og:url\" content=\"https:\/\/junker-joerg.net\/en\/history\/\" \/>\n<meta property=\"og:site_name\" content=\"Jugendbildungsst\u00e4tte Junker J\u00f6rg\" \/>\n<meta property=\"article:modified_time\" content=\"2017-12-15T14:22:02+00:00\" \/>\n<meta name=\"twitter:card\" content=\"summary_large_image\" \/>\n<script type=\"application\/ld+json\" class=\"yoast-schema-graph\">{\"@context\":\"https:\\\/\\\/schema.org\",\"@graph\":[{\"@type\":\"WebPage\",\"@id\":\"https:\\\/\\\/junker-joerg.net\\\/en\\\/history\\\/\",\"url\":\"https:\\\/\\\/junker-joerg.net\\\/en\\\/history\\\/\",\"name\":\"History of the Youth Education Center Junker J\u00f6rg (Eisenach)\",\"isPartOf\":{\"@id\":\"https:\\\/\\\/junker-joerg.net\\\/en\\\/#website\"},\"datePublished\":\"2017-03-08T13:38:48+00:00\",\"dateModified\":\"2017-12-15T14:22:02+00:00\",\"description\":\"You want to know more about the history of the Protestant Youth Education Center Junker J\u00f6rg in Eisenach? Here you will find information about the topic.\",\"breadcrumb\":{\"@id\":\"https:\\\/\\\/junker-joerg.net\\\/en\\\/history\\\/#breadcrumb\"},\"inLanguage\":\"en-US\",\"potentialAction\":[{\"@type\":\"ReadAction\",\"target\":[\"https:\\\/\\\/junker-joerg.net\\\/en\\\/history\\\/\"]}]},{\"@type\":\"BreadcrumbList\",\"@id\":\"https:\\\/\\\/junker-joerg.net\\\/en\\\/history\\\/#breadcrumb\",\"itemListElement\":[{\"@type\":\"ListItem\",\"position\":1,\"name\":\"Startseite\",\"item\":\"https:\\\/\\\/junker-joerg.net\\\/en\\\/\"},{\"@type\":\"ListItem\",\"position\":2,\"name\":\"Geschichte\"}]},{\"@type\":\"WebSite\",\"@id\":\"https:\\\/\\\/junker-joerg.net\\\/en\\\/#website\",\"url\":\"https:\\\/\\\/junker-joerg.net\\\/en\\\/\",\"name\":\"Jugendbildungsst\u00e4tte Junker J\u00f6rg\",\"description\":\"Jugendherberge &amp; Begegnungsst\u00e4tte in Eisenach\",\"potentialAction\":[{\"@type\":\"SearchAction\",\"target\":{\"@type\":\"EntryPoint\",\"urlTemplate\":\"https:\\\/\\\/junker-joerg.net\\\/en\\\/?s={search_term_string}\"},\"query-input\":{\"@type\":\"PropertyValueSpecification\",\"valueRequired\":true,\"valueName\":\"search_term_string\"}}],\"inLanguage\":\"en-US\"}]}<\/script>\n<!-- \/ Yoast SEO plugin. -->","yoast_head_json":{"title":"History of the Youth Education Center Junker J\u00f6rg (Eisenach)","description":"You want to know more about the history of the Protestant Youth Education Center Junker J\u00f6rg in Eisenach? Here you will find information about the topic.","robots":{"index":"index","follow":"follow","max-snippet":"max-snippet:-1","max-image-preview":"max-image-preview:large","max-video-preview":"max-video-preview:-1"},"canonical":"https:\/\/junker-joerg.net\/en\/history\/","og_locale":"en_US","og_type":"article","og_title":"History of the Youth Education Center Junker J\u00f6rg (Eisenach)","og_description":"You want to know more about the history of the Protestant Youth Education Center Junker J\u00f6rg in Eisenach? Here you will find information about the topic.","og_url":"https:\/\/junker-joerg.net\/en\/history\/","og_site_name":"Jugendbildungsst\u00e4tte Junker J\u00f6rg","article_modified_time":"2017-12-15T14:22:02+00:00","twitter_card":"summary_large_image","schema":{"@context":"https:\/\/schema.org","@graph":[{"@type":"WebPage","@id":"https:\/\/junker-joerg.net\/en\/history\/","url":"https:\/\/junker-joerg.net\/en\/history\/","name":"History of the Youth Education Center Junker J\u00f6rg (Eisenach)","isPartOf":{"@id":"https:\/\/junker-joerg.net\/en\/#website"},"datePublished":"2017-03-08T13:38:48+00:00","dateModified":"2017-12-15T14:22:02+00:00","description":"You want to know more about the history of the Protestant Youth Education Center Junker J\u00f6rg in Eisenach? Here you will find information about the topic.","breadcrumb":{"@id":"https:\/\/junker-joerg.net\/en\/history\/#breadcrumb"},"inLanguage":"en-US","potentialAction":[{"@type":"ReadAction","target":["https:\/\/junker-joerg.net\/en\/history\/"]}]},{"@type":"BreadcrumbList","@id":"https:\/\/junker-joerg.net\/en\/history\/#breadcrumb","itemListElement":[{"@type":"ListItem","position":1,"name":"Startseite","item":"https:\/\/junker-joerg.net\/en\/"},{"@type":"ListItem","position":2,"name":"Geschichte"}]},{"@type":"WebSite","@id":"https:\/\/junker-joerg.net\/en\/#website","url":"https:\/\/junker-joerg.net\/en\/","name":"Jugendbildungsst\u00e4tte Junker J\u00f6rg","description":"Jugendherberge &amp; Begegnungsst\u00e4tte in Eisenach","potentialAction":[{"@type":"SearchAction","target":{"@type":"EntryPoint","urlTemplate":"https:\/\/junker-joerg.net\/en\/?s={search_term_string}"},"query-input":{"@type":"PropertyValueSpecification","valueRequired":true,"valueName":"search_term_string"}}],"inLanguage":"en-US"}]}},"_links":{"self":[{"href":"https:\/\/junker-joerg.net\/en\/wp-json\/wp\/v2\/pages\/2721","targetHints":{"allow":["GET"]}}],"collection":[{"href":"https:\/\/junker-joerg.net\/en\/wp-json\/wp\/v2\/pages"}],"about":[{"href":"https:\/\/junker-joerg.net\/en\/wp-json\/wp\/v2\/types\/page"}],"author":[{"embeddable":true,"href":"https:\/\/junker-joerg.net\/en\/wp-json\/wp\/v2\/users\/24783"}],"replies":[{"embeddable":true,"href":"https:\/\/junker-joerg.net\/en\/wp-json\/wp\/v2\/comments?post=2721"}],"version-history":[{"count":3,"href":"https:\/\/junker-joerg.net\/en\/wp-json\/wp\/v2\/pages\/2721\/revisions"}],"predecessor-version":[{"id":2724,"href":"https:\/\/junker-joerg.net\/en\/wp-json\/wp\/v2\/pages\/2721\/revisions\/2724"}],"wp:attachment":[{"href":"https:\/\/junker-joerg.net\/en\/wp-json\/wp\/v2\/media?parent=2721"}],"curies":[{"name":"wp","href":"https:\/\/api.w.org\/{rel}","templated":true}]}}