{"id":2705,"date":"2017-03-08T14:42:49","date_gmt":"2017-03-08T13:42:49","guid":{"rendered":"http:\/\/junker.augustinerkloster.de\/en\/ausflugsziele-sehenswuerdigkeiten-eisenach\/"},"modified":"2017-12-15T13:25:29","modified_gmt":"2017-12-15T12:25:29","slug":"ausflugsziele-sehenswuerdigkeiten-eisenach","status":"publish","type":"page","link":"https:\/\/junker-joerg.net\/en\/ausflugsziele-sehenswuerdigkeiten-eisenach\/","title":{"rendered":"Tourist Attractions"},"content":{"rendered":"<h1>Tourist Attractions | Destination | Eisenach | Wartburg<\/h1>\n<h2>Tourist Attractions &amp; Destinations in and around Eisenach<\/h2>\n<p>You can visit and explore a lot in and around Eisenach. Go on a voyage to historic places, learn more about famous personalities of Eisenach or go on a hiking trip and enjoy the surrounding area of the Wartburg.<\/p>\n<p>Here you can find a selection of the ten most popular tourist attractions of Eisenach and its surroundings which you can visit during your stay. With pleasure we will inform you about possible trips and activities and support you with the organization of your stay. Please note that our offers can result in additional costs and have to be paid on-site. You can get into contact with our study director <a title=\"Send an e-mail to Jan Grooten\" href=\"mailto:jugendbildung@junker-joerg.net\" target=\"_blank\" rel=\"noopener noreferrer\">Jan Grooten<\/a>\u00a0 and we will create an individual offer just for you.<\/p>\n<h3>The Top 10 Tourist Attractions<\/h3>\n<ul>\n<li>Wartburg<\/li>\n<li>Dragon Ravine<\/li>\n<li>Hainich National Park &amp; Canopy Walkway<\/li>\n<li>Lutherhaus in Eisenach<\/li>\n<li>St. Augustine\u2019s Monastery in Erfurt<\/li>\n<li>Werratal<\/li>\n<li>Bach House in Eisenach<\/li>\n<li>Monument of the Students\u2018 Fraternity<\/li>\n<li>George\u2019s Church in Eisenach<\/li>\n<li>Memorial and Education Center Andreasstra\u00dfe in Erfurt<\/li>\n<\/ul>\n<p>If you want to know more about tourist attractions and destinations, feel free to <a title=\"Contact Form\" href=\"\/en\/contact\/\">contact<\/a>\u00a0us.<\/p>\n<div id=\"attachment_2124\" style=\"width: 886px\" class=\"wp-caption alignnone\"><img loading=\"lazy\" decoding=\"async\" aria-describedby=\"caption-attachment-2124\" class=\"wp-image-2124 size-full\" title=\"Wartburg, Eisenach\" src=\"https:\/\/www.junker-joerg.net\/wp-content\/uploads\/2017\/03\/Wartburg.jpg\" alt=\"\" width=\"876\" height=\"365\" \/><p id=\"caption-attachment-2124\" class=\"wp-caption-text\">Wartburg, Eisenach<\/p><\/div>\n<div id=\"attachment_2121\" style=\"width: 886px\" class=\"wp-caption alignnone\"><img loading=\"lazy\" decoding=\"async\" aria-describedby=\"caption-attachment-2121\" class=\"wp-image-2121 size-full\" title=\"Dragon Ravine\" src=\"https:\/\/www.junker-joerg.net\/wp-content\/uploads\/2017\/03\/Drachenschlucht.jpg\" alt=\"\" width=\"876\" height=\"365\" \/><p id=\"caption-attachment-2121\" class=\"wp-caption-text\">Dragon Ravine<\/p><\/div>\n<div id=\"attachment_2123\" style=\"width: 886px\" class=\"wp-caption alignnone\"><img loading=\"lazy\" decoding=\"async\" aria-describedby=\"caption-attachment-2123\" class=\"wp-image-2123 size-full\" title=\"Lutherhaus in Eisenach\" src=\"https:\/\/www.junker-joerg.net\/wp-content\/uploads\/2017\/03\/Lutherhaus.jpg\" alt=\"\" width=\"876\" height=\"400\" srcset=\"https:\/\/junker-joerg.net\/wp-content\/uploads\/2017\/03\/Lutherhaus.jpg 876w, https:\/\/junker-joerg.net\/wp-content\/uploads\/2017\/03\/Lutherhaus-460x210.jpg 460w\" sizes=\"auto, (max-width: 876px) 100vw, 876px\" \/><p id=\"caption-attachment-2123\" class=\"wp-caption-text\">Lutherhaus in Eisenach<\/p><\/div>\n<div id=\"attachment_2117\" style=\"width: 886px\" class=\"wp-caption alignnone\"><img loading=\"lazy\" decoding=\"async\" aria-describedby=\"caption-attachment-2117\" class=\"wp-image-2117 size-full\" title=\"St. Augustine\u2019s Monastery in Erfurt\" src=\"https:\/\/www.junker-joerg.net\/wp-content\/uploads\/2017\/03\/Augustinerkloster-1.jpg\" alt=\"\" width=\"876\" height=\"365\" \/><p id=\"caption-attachment-2117\" class=\"wp-caption-text\">St. Augustine\u2019s Monastery in Erfurt<\/p><\/div>\n<div id=\"attachment_2118\" style=\"width: 886px\" class=\"wp-caption alignnone\"><img loading=\"lazy\" decoding=\"async\" aria-describedby=\"caption-attachment-2118\" class=\"wp-image-2118 size-full\" title=\"Bach House in Eisenach\" src=\"https:\/\/www.junker-joerg.net\/wp-content\/uploads\/2017\/03\/Bachhaus-Eisenach.jpg\" alt=\"\" width=\"876\" height=\"400\" srcset=\"https:\/\/junker-joerg.net\/wp-content\/uploads\/2017\/03\/Bachhaus-Eisenach.jpg 876w, https:\/\/junker-joerg.net\/wp-content\/uploads\/2017\/03\/Bachhaus-Eisenach-460x210.jpg 460w\" sizes=\"auto, (max-width: 876px) 100vw, 876px\" \/><p id=\"caption-attachment-2118\" class=\"wp-caption-text\">Bach House in Eisenach<\/p><\/div>\n<p>&nbsp;<\/p>\n<p><iframe loading=\"lazy\" src=\"https:\/\/www.google.com\/maps\/d\/embed?mid=19QHAdXDK8Ea9ozhRiw6gWOoPVpI\" width=\"100%\" height=\"375\"><\/iframe><\/p>\n","protected":false},"excerpt":{"rendered":"<p>You can visit and explore a lot in and around Eisenach. Go on a voyage to historic places, learn more about famous personalities of Eisenach or go on a hiking trip and enjoy the surrounding area of the Wartburg. Here you can find a selection of the ten most popular tourist attractions of Eisenach and [&#8230;]<\/p>\n","protected":false},"author":24783,"featured_media":0,"parent":0,"menu_order":0,"comment_status":"closed","ping_status":"closed","template":"","meta":{"_acf_changed":false,"footnotes":""},"class_list":["post-2705","page","type-page","status-publish","hentry"],"acf":[],"yoast_head":"<!-- This site is optimized with the Yoast SEO plugin v27.6 - https:\/\/yoast.com\/product\/yoast-seo-wordpress\/ -->\n<title>Die Top 10 Sehensw\u00fcrdigkeiten in Eisenach &amp; Umgebung<\/title>\n<meta name=\"description\" content=\"Sie sind auf der Suche nach Sehensw\u00fcrdigkeiten in Eisenach und Umgebung (Wartburgkreis)? Dann finden Sie hier die Top 10 der beliebtesten Ausflugsziele.\" \/>\n<meta name=\"robots\" content=\"index, follow, max-snippet:-1, max-image-preview:large, max-video-preview:-1\" \/>\n<link rel=\"canonical\" href=\"https:\/\/junker-joerg.net\/en\/ausflugsziele-sehenswuerdigkeiten-eisenach\/\" \/>\n<meta property=\"og:locale\" content=\"en_US\" \/>\n<meta property=\"og:type\" content=\"article\" \/>\n<meta property=\"og:title\" content=\"Die Top 10 Sehensw\u00fcrdigkeiten in Eisenach &amp; Umgebung\" \/>\n<meta property=\"og:description\" content=\"Sie sind auf der Suche nach Sehensw\u00fcrdigkeiten in Eisenach und Umgebung (Wartburgkreis)? Dann finden Sie hier die Top 10 der beliebtesten Ausflugsziele.\" \/>\n<meta property=\"og:url\" content=\"https:\/\/junker-joerg.net\/en\/ausflugsziele-sehenswuerdigkeiten-eisenach\/\" \/>\n<meta property=\"og:site_name\" content=\"Jugendbildungsst\u00e4tte Junker J\u00f6rg\" \/>\n<meta property=\"article:modified_time\" content=\"2017-12-15T12:25:29+00:00\" \/>\n<meta property=\"og:image\" content=\"https:\/\/www.junker-joerg.net\/wp-content\/uploads\/2017\/03\/Wartburg.jpg\" \/>\n<meta name=\"twitter:card\" content=\"summary_large_image\" \/>\n<meta name=\"twitter:label1\" content=\"Est. reading time\" \/>\n\t<meta name=\"twitter:data1\" content=\"1 minute\" \/>\n<script type=\"application\/ld+json\" class=\"yoast-schema-graph\">{\"@context\":\"https:\\\/\\\/schema.org\",\"@graph\":[{\"@type\":\"WebPage\",\"@id\":\"https:\\\/\\\/junker-joerg.net\\\/en\\\/ausflugsziele-sehenswuerdigkeiten-eisenach\\\/\",\"url\":\"https:\\\/\\\/junker-joerg.net\\\/en\\\/ausflugsziele-sehenswuerdigkeiten-eisenach\\\/\",\"name\":\"Die Top 10 Sehensw\u00fcrdigkeiten in Eisenach & Umgebung\",\"isPartOf\":{\"@id\":\"https:\\\/\\\/junker-joerg.net\\\/en\\\/#website\"},\"primaryImageOfPage\":{\"@id\":\"https:\\\/\\\/junker-joerg.net\\\/en\\\/ausflugsziele-sehenswuerdigkeiten-eisenach\\\/#primaryimage\"},\"image\":{\"@id\":\"https:\\\/\\\/junker-joerg.net\\\/en\\\/ausflugsziele-sehenswuerdigkeiten-eisenach\\\/#primaryimage\"},\"thumbnailUrl\":\"https:\\\/\\\/www.junker-joerg.net\\\/wp-content\\\/uploads\\\/2017\\\/03\\\/Wartburg.jpg\",\"datePublished\":\"2017-03-08T13:42:49+00:00\",\"dateModified\":\"2017-12-15T12:25:29+00:00\",\"description\":\"Sie sind auf der Suche nach Sehensw\u00fcrdigkeiten in Eisenach und Umgebung (Wartburgkreis)? Dann finden Sie hier die Top 10 der beliebtesten Ausflugsziele.\",\"breadcrumb\":{\"@id\":\"https:\\\/\\\/junker-joerg.net\\\/en\\\/ausflugsziele-sehenswuerdigkeiten-eisenach\\\/#breadcrumb\"},\"inLanguage\":\"en-US\",\"potentialAction\":[{\"@type\":\"ReadAction\",\"target\":[\"https:\\\/\\\/junker-joerg.net\\\/en\\\/ausflugsziele-sehenswuerdigkeiten-eisenach\\\/\"]}]},{\"@type\":\"ImageObject\",\"inLanguage\":\"en-US\",\"@id\":\"https:\\\/\\\/junker-joerg.net\\\/en\\\/ausflugsziele-sehenswuerdigkeiten-eisenach\\\/#primaryimage\",\"url\":\"https:\\\/\\\/www.junker-joerg.net\\\/wp-content\\\/uploads\\\/2017\\\/03\\\/Wartburg.jpg\",\"contentUrl\":\"https:\\\/\\\/www.junker-joerg.net\\\/wp-content\\\/uploads\\\/2017\\\/03\\\/Wartburg.jpg\"},{\"@type\":\"BreadcrumbList\",\"@id\":\"https:\\\/\\\/junker-joerg.net\\\/en\\\/ausflugsziele-sehenswuerdigkeiten-eisenach\\\/#breadcrumb\",\"itemListElement\":[{\"@type\":\"ListItem\",\"position\":1,\"name\":\"Startseite\",\"item\":\"https:\\\/\\\/junker-joerg.net\\\/en\\\/\"},{\"@type\":\"ListItem\",\"position\":2,\"name\":\"Tourist Attractions\"}]},{\"@type\":\"WebSite\",\"@id\":\"https:\\\/\\\/junker-joerg.net\\\/en\\\/#website\",\"url\":\"https:\\\/\\\/junker-joerg.net\\\/en\\\/\",\"name\":\"Jugendbildungsst\u00e4tte Junker J\u00f6rg\",\"description\":\"Jugendherberge &amp; Begegnungsst\u00e4tte in Eisenach\",\"potentialAction\":[{\"@type\":\"SearchAction\",\"target\":{\"@type\":\"EntryPoint\",\"urlTemplate\":\"https:\\\/\\\/junker-joerg.net\\\/en\\\/?s={search_term_string}\"},\"query-input\":{\"@type\":\"PropertyValueSpecification\",\"valueRequired\":true,\"valueName\":\"search_term_string\"}}],\"inLanguage\":\"en-US\"}]}<\/script>\n<!-- \/ Yoast SEO plugin. -->","yoast_head_json":{"title":"Die Top 10 Sehensw\u00fcrdigkeiten in Eisenach & Umgebung","description":"Sie sind auf der Suche nach Sehensw\u00fcrdigkeiten in Eisenach und Umgebung (Wartburgkreis)? Dann finden Sie hier die Top 10 der beliebtesten Ausflugsziele.","robots":{"index":"index","follow":"follow","max-snippet":"max-snippet:-1","max-image-preview":"max-image-preview:large","max-video-preview":"max-video-preview:-1"},"canonical":"https:\/\/junker-joerg.net\/en\/ausflugsziele-sehenswuerdigkeiten-eisenach\/","og_locale":"en_US","og_type":"article","og_title":"Die Top 10 Sehensw\u00fcrdigkeiten in Eisenach & Umgebung","og_description":"Sie sind auf der Suche nach Sehensw\u00fcrdigkeiten in Eisenach und Umgebung (Wartburgkreis)? Dann finden Sie hier die Top 10 der beliebtesten Ausflugsziele.","og_url":"https:\/\/junker-joerg.net\/en\/ausflugsziele-sehenswuerdigkeiten-eisenach\/","og_site_name":"Jugendbildungsst\u00e4tte Junker J\u00f6rg","article_modified_time":"2017-12-15T12:25:29+00:00","og_image":[{"url":"https:\/\/www.junker-joerg.net\/wp-content\/uploads\/2017\/03\/Wartburg.jpg","type":"","width":"","height":""}],"twitter_card":"summary_large_image","twitter_misc":{"Est. reading time":"1 minute"},"schema":{"@context":"https:\/\/schema.org","@graph":[{"@type":"WebPage","@id":"https:\/\/junker-joerg.net\/en\/ausflugsziele-sehenswuerdigkeiten-eisenach\/","url":"https:\/\/junker-joerg.net\/en\/ausflugsziele-sehenswuerdigkeiten-eisenach\/","name":"Die Top 10 Sehensw\u00fcrdigkeiten in Eisenach & Umgebung","isPartOf":{"@id":"https:\/\/junker-joerg.net\/en\/#website"},"primaryImageOfPage":{"@id":"https:\/\/junker-joerg.net\/en\/ausflugsziele-sehenswuerdigkeiten-eisenach\/#primaryimage"},"image":{"@id":"https:\/\/junker-joerg.net\/en\/ausflugsziele-sehenswuerdigkeiten-eisenach\/#primaryimage"},"thumbnailUrl":"https:\/\/www.junker-joerg.net\/wp-content\/uploads\/2017\/03\/Wartburg.jpg","datePublished":"2017-03-08T13:42:49+00:00","dateModified":"2017-12-15T12:25:29+00:00","description":"Sie sind auf der Suche nach Sehensw\u00fcrdigkeiten in Eisenach und Umgebung (Wartburgkreis)? Dann finden Sie hier die Top 10 der beliebtesten Ausflugsziele.","breadcrumb":{"@id":"https:\/\/junker-joerg.net\/en\/ausflugsziele-sehenswuerdigkeiten-eisenach\/#breadcrumb"},"inLanguage":"en-US","potentialAction":[{"@type":"ReadAction","target":["https:\/\/junker-joerg.net\/en\/ausflugsziele-sehenswuerdigkeiten-eisenach\/"]}]},{"@type":"ImageObject","inLanguage":"en-US","@id":"https:\/\/junker-joerg.net\/en\/ausflugsziele-sehenswuerdigkeiten-eisenach\/#primaryimage","url":"https:\/\/www.junker-joerg.net\/wp-content\/uploads\/2017\/03\/Wartburg.jpg","contentUrl":"https:\/\/www.junker-joerg.net\/wp-content\/uploads\/2017\/03\/Wartburg.jpg"},{"@type":"BreadcrumbList","@id":"https:\/\/junker-joerg.net\/en\/ausflugsziele-sehenswuerdigkeiten-eisenach\/#breadcrumb","itemListElement":[{"@type":"ListItem","position":1,"name":"Startseite","item":"https:\/\/junker-joerg.net\/en\/"},{"@type":"ListItem","position":2,"name":"Tourist Attractions"}]},{"@type":"WebSite","@id":"https:\/\/junker-joerg.net\/en\/#website","url":"https:\/\/junker-joerg.net\/en\/","name":"Jugendbildungsst\u00e4tte Junker J\u00f6rg","description":"Jugendherberge &amp; Begegnungsst\u00e4tte in Eisenach","potentialAction":[{"@type":"SearchAction","target":{"@type":"EntryPoint","urlTemplate":"https:\/\/junker-joerg.net\/en\/?s={search_term_string}"},"query-input":{"@type":"PropertyValueSpecification","valueRequired":true,"valueName":"search_term_string"}}],"inLanguage":"en-US"}]}},"_links":{"self":[{"href":"https:\/\/junker-joerg.net\/en\/wp-json\/wp\/v2\/pages\/2705","targetHints":{"allow":["GET"]}}],"collection":[{"href":"https:\/\/junker-joerg.net\/en\/wp-json\/wp\/v2\/pages"}],"about":[{"href":"https:\/\/junker-joerg.net\/en\/wp-json\/wp\/v2\/types\/page"}],"author":[{"embeddable":true,"href":"https:\/\/junker-joerg.net\/en\/wp-json\/wp\/v2\/users\/24783"}],"replies":[{"embeddable":true,"href":"https:\/\/junker-joerg.net\/en\/wp-json\/wp\/v2\/comments?post=2705"}],"version-history":[{"count":7,"href":"https:\/\/junker-joerg.net\/en\/wp-json\/wp\/v2\/pages\/2705\/revisions"}],"predecessor-version":[{"id":2712,"href":"https:\/\/junker-joerg.net\/en\/wp-json\/wp\/v2\/pages\/2705\/revisions\/2712"}],"wp:attachment":[{"href":"https:\/\/junker-joerg.net\/en\/wp-json\/wp\/v2\/media?parent=2705"}],"curies":[{"name":"wp","href":"https:\/\/api.w.org\/{rel}","templated":true}]}}