{"id":2699,"date":"2017-03-08T14:44:11","date_gmt":"2017-03-08T13:44:11","guid":{"rendered":"http:\/\/junker.augustinerkloster.de\/en\/kontakt\/"},"modified":"2018-01-23T11:51:43","modified_gmt":"2018-01-23T10:51:43","slug":"contact","status":"publish","type":"page","link":"https:\/\/junker-joerg.net\/en\/contact\/","title":{"rendered":"Contact"},"content":{"rendered":"<h1>Contact | Contact Form | Location | Youth Education Center Junker J\u00f6rg<\/h1>\n<h2>Contact Form &amp; Location of the Youth Education Center Junker J\u00f6rg<\/h2>\n<p>You have questions about our house, our educational offers or other topics concerning the Youth Education Center? Then you can get in touch with us! Email us or give us a call. We will try and work on your request as soon as possible.<\/p>\n<p>Tel.: 03691\/79559-0<br \/>\nFax: 03691\/79559-11<br \/>\nE-Mail:\u00a0<a title=\"Mail an die Jugendbildungsst\u00e4tte senden\" href=\"mailto:info@junker-joerg.net\">info@junker-joerg.net<\/a><\/p>\n<h3 id=\"kontaktformular\">Contact Form<\/h3>\n\n<div class=\"wpcf7 no-js\" id=\"wpcf7-f2788-o1\" lang=\"de-DE\" dir=\"ltr\" data-wpcf7-id=\"2788\">\n<div class=\"screen-reader-response\"><p role=\"status\" aria-live=\"polite\" aria-atomic=\"true\"><\/p> <ul><\/ul><\/div>\n<form action=\"\/en\/wp-json\/wp\/v2\/pages\/2699#wpcf7-f2788-o1\" method=\"post\" class=\"wpcf7-form init\" aria-label=\"Kontaktformular\" novalidate=\"novalidate\" data-status=\"init\">\n<fieldset class=\"hidden-fields-container\"><input type=\"hidden\" name=\"_wpcf7\" value=\"2788\" \/><input type=\"hidden\" name=\"_wpcf7_version\" value=\"6.1.5\" \/><input type=\"hidden\" name=\"_wpcf7_locale\" value=\"de_DE\" \/><input type=\"hidden\" name=\"_wpcf7_unit_tag\" value=\"wpcf7-f2788-o1\" \/><input type=\"hidden\" name=\"_wpcf7_container_post\" value=\"0\" \/><input type=\"hidden\" name=\"_wpcf7_posted_data_hash\" value=\"\" \/>\n<\/fieldset>\n<div class=\"w_100\">\n\t<p><span class=\"wpcf7-form-control-wrap\" data-name=\"menu-betreff\"><select class=\"wpcf7-form-control wpcf7-select wpcf7-validates-as-required\" id=\"selector_contact\" aria-required=\"true\" aria-invalid=\"false\" name=\"menu-betreff\"><option value=\"Your Subject*\">Your Subject*<\/option><option value=\"Accommodation\">Accommodation<\/option><option value=\"Meetings\">Meetings<\/option><option value=\"Events\">Events<\/option><option value=\"Workshops\">Workshops<\/option><option value=\"Other\">Other<\/option><\/select><\/span>\n\t<\/p>\n<\/div>\n<div class=\"w_100\">\n\t<div class=\"w_50\">\n\t\t<p><span class=\"wpcf7-form-control-wrap\" data-name=\"institution\"><input size=\"40\" maxlength=\"400\" class=\"wpcf7-form-control wpcf7-text\" aria-invalid=\"false\" placeholder=\"Institution\" value=\"\" type=\"text\" name=\"institution\" \/><\/span><br \/>\n<span class=\"wpcf7-form-control-wrap\" data-name=\"number\"><input size=\"40\" maxlength=\"400\" class=\"wpcf7-form-control wpcf7-text\" aria-invalid=\"false\" placeholder=\"Telephone\" value=\"\" type=\"text\" name=\"number\" \/><\/span>\n\t\t<\/p>\n\t<\/div>\n\t<div class=\"w_50 w_last\">\n\t\t<p><span class=\"wpcf7-form-control-wrap\" data-name=\"namex\"><input size=\"40\" maxlength=\"400\" class=\"wpcf7-form-control wpcf7-text wpcf7-validates-as-required\" aria-required=\"true\" aria-invalid=\"false\" placeholder=\"Name*\" value=\"\" type=\"text\" name=\"namex\" \/><\/span><br \/>\n<span class=\"wpcf7-form-control-wrap\" data-name=\"your-email\"><input size=\"40\" maxlength=\"400\" class=\"wpcf7-form-control wpcf7-email wpcf7-validates-as-required wpcf7-text wpcf7-validates-as-email\" aria-required=\"true\" aria-invalid=\"false\" placeholder=\"E-Mail*\" value=\"\" type=\"email\" name=\"your-email\" \/><\/span>\n\t\t<\/p>\n\t<\/div>\n<\/div>\n<div class=\"w_100\">\n\t<p><span class=\"wpcf7-form-control-wrap\" data-name=\"your-message\"><textarea cols=\"40\" rows=\"10\" maxlength=\"2000\" class=\"wpcf7-form-control wpcf7-textarea wpcf7-validates-as-required\" aria-required=\"true\" aria-invalid=\"false\" placeholder=\"Your Message*\" name=\"your-message\"><\/textarea><\/span><br \/>\n<small>*Mandatory Field<\/small><br \/>\nPlease note that your data will be stored for processing in accordance with our <a href=\"..\/en\/disclaimer\"> Privacy Policy <\/a>.\n\t<\/p>\n<\/div>\n<div class=\"w_100\">\n\t<p><input class=\"wpcf7-form-control wpcf7-submit has-spinner\" type=\"submit\" value=\"Send\" \/>\n\t<\/p>\n<\/div><input type='hidden' class='wpcf7-pum' value='{\"closepopup\":false,\"closedelay\":0,\"openpopup\":false,\"openpopup_id\":0}' \/><div class=\"wpcf7-response-output\" aria-hidden=\"true\"><\/div>\n<\/form>\n<\/div>\n\n<p>&nbsp;<\/p>\n<p><iframe loading=\"lazy\" style=\"border: 0;\" src=\"https:\/\/www.google.com\/maps\/embed?pb=!1m14!1m8!1m3!1d95562.40491479424!2d10.237634997675544!3d50.994158871237296!3m2!1i1024!2i768!4f13.1!3m3!1m2!1s0x0%3A0x2937b6f81dc5fadd!2sJugendbildungsst%C3%A4tte+Junker+J%C3%B6rg+-+Jugendherberge+Eisenach!5e0!3m2!1sde!2sde!4v1489580785812\" width=\"100%\" height=\"375\" frameborder=\"0\" allowfullscreen=\"allowfullscreen\"><\/iframe><\/p>\n","protected":false},"excerpt":{"rendered":"<p>You have questions about our house, our educational offers or other topics concerning the Youth Education Center? Then you can get in touch with us! Email us or give us a call. We will try and work on your request as soon as possible. Tel.: 03691\/79559-0 Fax: 03691\/79559-11 E-Mail:\u00a0info@junker-joerg.net &nbsp;<\/p>\n","protected":false},"author":24783,"featured_media":0,"parent":0,"menu_order":0,"comment_status":"closed","ping_status":"closed","template":"","meta":{"_acf_changed":false,"footnotes":""},"class_list":["post-2699","page","type-page","status-publish","hentry"],"acf":[],"yoast_head":"<!-- This site is optimized with the Yoast SEO plugin v27.5 - https:\/\/yoast.com\/product\/yoast-seo-wordpress\/ -->\n<title>Contact Form &amp; Location | Youth Education Center Junker J\u00f6rg (Eisenach)<\/title>\n<meta name=\"description\" content=\"You want to get into contact with us or need directions? Here you can find all relevant information. Youth Education Center Junker J\u00f6rg (Eisenach).\" \/>\n<meta name=\"robots\" content=\"index, follow, max-snippet:-1, max-image-preview:large, max-video-preview:-1\" \/>\n<link rel=\"canonical\" href=\"https:\/\/junker-joerg.net\/en\/contact\/\" \/>\n<meta property=\"og:locale\" content=\"en_US\" \/>\n<meta property=\"og:type\" content=\"article\" \/>\n<meta property=\"og:title\" content=\"Contact Form &amp; Location | Youth Education Center Junker J\u00f6rg (Eisenach)\" \/>\n<meta property=\"og:description\" content=\"You want to get into contact with us or need directions? Here you can find all relevant information. Youth Education Center Junker J\u00f6rg (Eisenach).\" \/>\n<meta property=\"og:url\" content=\"https:\/\/junker-joerg.net\/en\/contact\/\" \/>\n<meta property=\"og:site_name\" content=\"Jugendbildungsst\u00e4tte Junker J\u00f6rg\" \/>\n<meta property=\"article:modified_time\" content=\"2018-01-23T10:51:43+00:00\" \/>\n<meta name=\"twitter:card\" content=\"summary_large_image\" \/>\n<script type=\"application\/ld+json\" class=\"yoast-schema-graph\">{\"@context\":\"https:\\\/\\\/schema.org\",\"@graph\":[{\"@type\":\"WebPage\",\"@id\":\"https:\\\/\\\/junker-joerg.net\\\/en\\\/contact\\\/\",\"url\":\"https:\\\/\\\/junker-joerg.net\\\/en\\\/contact\\\/\",\"name\":\"Contact Form & Location | Youth Education Center Junker J\u00f6rg (Eisenach)\",\"isPartOf\":{\"@id\":\"https:\\\/\\\/junker-joerg.net\\\/en\\\/#website\"},\"datePublished\":\"2017-03-08T13:44:11+00:00\",\"dateModified\":\"2018-01-23T10:51:43+00:00\",\"description\":\"You want to get into contact with us or need directions? Here you can find all relevant information. Youth Education Center Junker J\u00f6rg (Eisenach).\",\"breadcrumb\":{\"@id\":\"https:\\\/\\\/junker-joerg.net\\\/en\\\/contact\\\/#breadcrumb\"},\"inLanguage\":\"en-US\",\"potentialAction\":[{\"@type\":\"ReadAction\",\"target\":[\"https:\\\/\\\/junker-joerg.net\\\/en\\\/contact\\\/\"]}]},{\"@type\":\"BreadcrumbList\",\"@id\":\"https:\\\/\\\/junker-joerg.net\\\/en\\\/contact\\\/#breadcrumb\",\"itemListElement\":[{\"@type\":\"ListItem\",\"position\":1,\"name\":\"Startseite\",\"item\":\"https:\\\/\\\/junker-joerg.net\\\/en\\\/\"},{\"@type\":\"ListItem\",\"position\":2,\"name\":\"Contact\"}]},{\"@type\":\"WebSite\",\"@id\":\"https:\\\/\\\/junker-joerg.net\\\/en\\\/#website\",\"url\":\"https:\\\/\\\/junker-joerg.net\\\/en\\\/\",\"name\":\"Jugendbildungsst\u00e4tte Junker J\u00f6rg\",\"description\":\"Jugendherberge &amp; Begegnungsst\u00e4tte in Eisenach\",\"potentialAction\":[{\"@type\":\"SearchAction\",\"target\":{\"@type\":\"EntryPoint\",\"urlTemplate\":\"https:\\\/\\\/junker-joerg.net\\\/en\\\/?s={search_term_string}\"},\"query-input\":{\"@type\":\"PropertyValueSpecification\",\"valueRequired\":true,\"valueName\":\"search_term_string\"}}],\"inLanguage\":\"en-US\"}]}<\/script>\n<!-- \/ Yoast SEO plugin. -->","yoast_head_json":{"title":"Contact Form & Location | Youth Education Center Junker J\u00f6rg (Eisenach)","description":"You want to get into contact with us or need directions? Here you can find all relevant information. Youth Education Center Junker J\u00f6rg (Eisenach).","robots":{"index":"index","follow":"follow","max-snippet":"max-snippet:-1","max-image-preview":"max-image-preview:large","max-video-preview":"max-video-preview:-1"},"canonical":"https:\/\/junker-joerg.net\/en\/contact\/","og_locale":"en_US","og_type":"article","og_title":"Contact Form & Location | Youth Education Center Junker J\u00f6rg (Eisenach)","og_description":"You want to get into contact with us or need directions? Here you can find all relevant information. Youth Education Center Junker J\u00f6rg (Eisenach).","og_url":"https:\/\/junker-joerg.net\/en\/contact\/","og_site_name":"Jugendbildungsst\u00e4tte Junker J\u00f6rg","article_modified_time":"2018-01-23T10:51:43+00:00","twitter_card":"summary_large_image","schema":{"@context":"https:\/\/schema.org","@graph":[{"@type":"WebPage","@id":"https:\/\/junker-joerg.net\/en\/contact\/","url":"https:\/\/junker-joerg.net\/en\/contact\/","name":"Contact Form & Location | Youth Education Center Junker J\u00f6rg (Eisenach)","isPartOf":{"@id":"https:\/\/junker-joerg.net\/en\/#website"},"datePublished":"2017-03-08T13:44:11+00:00","dateModified":"2018-01-23T10:51:43+00:00","description":"You want to get into contact with us or need directions? Here you can find all relevant information. Youth Education Center Junker J\u00f6rg (Eisenach).","breadcrumb":{"@id":"https:\/\/junker-joerg.net\/en\/contact\/#breadcrumb"},"inLanguage":"en-US","potentialAction":[{"@type":"ReadAction","target":["https:\/\/junker-joerg.net\/en\/contact\/"]}]},{"@type":"BreadcrumbList","@id":"https:\/\/junker-joerg.net\/en\/contact\/#breadcrumb","itemListElement":[{"@type":"ListItem","position":1,"name":"Startseite","item":"https:\/\/junker-joerg.net\/en\/"},{"@type":"ListItem","position":2,"name":"Contact"}]},{"@type":"WebSite","@id":"https:\/\/junker-joerg.net\/en\/#website","url":"https:\/\/junker-joerg.net\/en\/","name":"Jugendbildungsst\u00e4tte Junker J\u00f6rg","description":"Jugendherberge &amp; Begegnungsst\u00e4tte in Eisenach","potentialAction":[{"@type":"SearchAction","target":{"@type":"EntryPoint","urlTemplate":"https:\/\/junker-joerg.net\/en\/?s={search_term_string}"},"query-input":{"@type":"PropertyValueSpecification","valueRequired":true,"valueName":"search_term_string"}}],"inLanguage":"en-US"}]}},"_links":{"self":[{"href":"https:\/\/junker-joerg.net\/en\/wp-json\/wp\/v2\/pages\/2699","targetHints":{"allow":["GET"]}}],"collection":[{"href":"https:\/\/junker-joerg.net\/en\/wp-json\/wp\/v2\/pages"}],"about":[{"href":"https:\/\/junker-joerg.net\/en\/wp-json\/wp\/v2\/types\/page"}],"author":[{"embeddable":true,"href":"https:\/\/junker-joerg.net\/en\/wp-json\/wp\/v2\/users\/24783"}],"replies":[{"embeddable":true,"href":"https:\/\/junker-joerg.net\/en\/wp-json\/wp\/v2\/comments?post=2699"}],"version-history":[{"count":5,"href":"https:\/\/junker-joerg.net\/en\/wp-json\/wp\/v2\/pages\/2699\/revisions"}],"predecessor-version":[{"id":2789,"href":"https:\/\/junker-joerg.net\/en\/wp-json\/wp\/v2\/pages\/2699\/revisions\/2789"}],"wp:attachment":[{"href":"https:\/\/junker-joerg.net\/en\/wp-json\/wp\/v2\/media?parent=2699"}],"curies":[{"name":"wp","href":"https:\/\/api.w.org\/{rel}","templated":true}]}}